{"id":5264,"date":"2017-03-02T18:48:52","date_gmt":"2017-03-02T16:48:52","guid":{"rendered":"http:\/\/international-mwbk.de\/?page_id=5264"},"modified":"2017-03-02T18:48:52","modified_gmt":"2017-03-02T16:48:52","slug":"projekt-competences-for-a-european-future-2014-16","status":"publish","type":"page","link":"https:\/\/international-mwbk.de\/?page_id=5264","title":{"rendered":"Projekt Competences for a European Future 2014-16"},"content":{"rendered":"<p>Das Projekt <em>Competences for a European Future<\/em> (2014-1-DE02-KA102-000458) wurde durch Gelder der Europ\u00e4ischen Kommission \u00fcber das Programm Erasmus+ gef\u00f6rdert. Durch das Projekt konnten in dem Zeitraum von Juli 2014 bis Juni 2016 \u00fcber 40 Mobilit\u00e4ten von Auszubildenden, Sch\u00fclern der h\u00f6heren Berufsfachschule und Lehrern gef\u00f6rdert werden.<\/p>\n","protected":false},"excerpt":{"rendered":"<p>Das Projekt Competences for a European Future (2014-1-DE02-KA102-000458) wurde durch Gelder der Europ\u00e4ischen Kommission \u00fcber das Programm Erasmus+ gef\u00f6rdert. Durch das Projekt konnten in dem Zeitraum von Juli 2014 bis Juni 2016 \u00fcber 40 Mobilit\u00e4ten von Auszubildenden, Sch\u00fclern der h\u00f6heren Berufsfachschule und Lehrern gef\u00f6rdert werden.<\/p>\n","protected":false},"author":2,"featured_media":0,"parent":0,"menu_order":0,"comment_status":"open","ping_status":"open","template":"","meta":{"footnotes":""},"_links":{"self":[{"href":"https:\/\/international-mwbk.de\/index.php?rest_route=\/wp\/v2\/pages\/5264"}],"collection":[{"href":"https:\/\/international-mwbk.de\/index.php?rest_route=\/wp\/v2\/pages"}],"about":[{"href":"https:\/\/international-mwbk.de\/index.php?rest_route=\/wp\/v2\/types\/page"}],"author":[{"embeddable":true,"href":"https:\/\/international-mwbk.de\/index.php?rest_route=\/wp\/v2\/users\/2"}],"replies":[{"embeddable":true,"href":"https:\/\/international-mwbk.de\/index.php?rest_route=%2Fwp%2Fv2%2Fcomments&post=5264"}],"version-history":[{"count":1,"href":"https:\/\/international-mwbk.de\/index.php?rest_route=\/wp\/v2\/pages\/5264\/revisions"}],"predecessor-version":[{"id":5265,"href":"https:\/\/international-mwbk.de\/index.php?rest_route=\/wp\/v2\/pages\/5264\/revisions\/5265"}],"wp:attachment":[{"href":"https:\/\/international-mwbk.de\/index.php?rest_route=%2Fwp%2Fv2%2Fmedia&parent=5264"}],"curies":[{"name":"wp","href":"https:\/\/api.w.org\/{rel}","templated":true}]}}