{"id":4747,"date":"2016-08-27T15:40:03","date_gmt":"2016-08-27T13:40:03","guid":{"rendered":"http:\/\/international-mwbk.de\/?page_id=4747"},"modified":"2016-11-07T18:01:20","modified_gmt":"2016-11-07T16:01:20","slug":"tipps-fuer-auskandspraktikanten","status":"publish","type":"page","link":"https:\/\/international-mwbk.de\/?page_id=4747","title":{"rendered":"TIPPs f\u00fcr Auslandspraktikanten"},"content":{"rendered":"<p><a href=\"http:\/\/international-mwbk.de\/wp-content\/uploads\/2016\/08\/Fotolia_60092065_XS.jpg\"><img fetchpriority=\"high\" decoding=\"async\" class=\"aligncenter size-medium wp-image-4754\" src=\"http:\/\/international-mwbk.de\/wp-content\/uploads\/2016\/08\/Fotolia_60092065_XS-300x300.jpg\" alt=\"ask an expert\" width=\"300\" height=\"300\" srcset=\"https:\/\/international-mwbk.de\/wp-content\/uploads\/2016\/08\/Fotolia_60092065_XS-300x300.jpg 300w, https:\/\/international-mwbk.de\/wp-content\/uploads\/2016\/08\/Fotolia_60092065_XS-150x150.jpg 150w, https:\/\/international-mwbk.de\/wp-content\/uploads\/2016\/08\/Fotolia_60092065_XS.jpg 346w\" sizes=\"(max-width: 300px) 100vw, 300px\" \/><\/a><\/p>\n<p><strong>Liebe (angehende) Auslandspraktikanten,<\/strong><\/p>\n<p>auf dieser Seite finden Sie Hinweise von Leuten, die bereits im Ausland waren.<\/p>\n<p>Dabei geht es um die Zeit vor &nbsp;und nach aber nat\u00fcrlich auch w\u00e4hrend des Auslandsaufenthaltes. Und da das f\u00fcr die meisten der erste wirkliche Test auf Selbst\u00e4ndigkeit ist, kann ein Blick in die Komentare nicht schaden.<\/p>\n<p>Viel Spa\u00df dabei w\u00fcnscht das Europateam des MWBKs!<\/p>\n","protected":false},"excerpt":{"rendered":"<p>Liebe (angehende) Auslandspraktikanten, auf dieser Seite finden Sie Hinweise von Leuten, die bereits im Ausland waren. Dabei geht es um die Zeit vor &nbsp;und nach aber nat\u00fcrlich auch w\u00e4hrend des Auslandsaufenthaltes. Und da das f\u00fcr die meisten der erste wirkliche Test auf Selbst\u00e4ndigkeit ist, kann ein Blick in die Komentare nicht schaden. Viel Spa\u00df dabei [&hellip;]<\/p>\n","protected":false},"author":2,"featured_media":0,"parent":0,"menu_order":0,"comment_status":"open","ping_status":"open","template":"","meta":{"footnotes":""},"_links":{"self":[{"href":"https:\/\/international-mwbk.de\/index.php?rest_route=\/wp\/v2\/pages\/4747"}],"collection":[{"href":"https:\/\/international-mwbk.de\/index.php?rest_route=\/wp\/v2\/pages"}],"about":[{"href":"https:\/\/international-mwbk.de\/index.php?rest_route=\/wp\/v2\/types\/page"}],"author":[{"embeddable":true,"href":"https:\/\/international-mwbk.de\/index.php?rest_route=\/wp\/v2\/users\/2"}],"replies":[{"embeddable":true,"href":"https:\/\/international-mwbk.de\/index.php?rest_route=%2Fwp%2Fv2%2Fcomments&post=4747"}],"version-history":[{"count":5,"href":"https:\/\/international-mwbk.de\/index.php?rest_route=\/wp\/v2\/pages\/4747\/revisions"}],"predecessor-version":[{"id":5133,"href":"https:\/\/international-mwbk.de\/index.php?rest_route=\/wp\/v2\/pages\/4747\/revisions\/5133"}],"wp:attachment":[{"href":"https:\/\/international-mwbk.de\/index.php?rest_route=%2Fwp%2Fv2%2Fmedia&parent=4747"}],"curies":[{"name":"wp","href":"https:\/\/api.w.org\/{rel}","templated":true}]}}