{"id":11579,"date":"2023-03-12T23:35:42","date_gmt":"2023-03-12T21:35:42","guid":{"rendered":"https:\/\/international-mwbk.de\/?page_id=11579"},"modified":"2023-09-20T18:34:42","modified_gmt":"2023-09-20T16:34:42","slug":"erasmus","status":"publish","type":"page","link":"https:\/\/international-mwbk.de\/?page_id=11579","title":{"rendered":"Erasmus+"},"content":{"rendered":"\t\t<div data-elementor-type=\"wp-page\" data-elementor-id=\"11579\" class=\"elementor elementor-11579\" data-elementor-post-type=\"page\">\n\t\t\t\t\t\t<section class=\"elementor-section elementor-top-section elementor-element elementor-element-48ee0090 elementor-section-boxed elementor-section-height-default elementor-section-height-default elementor-invisible\" data-id=\"48ee0090\" data-element_type=\"section\" data-settings=\"{&quot;background_background&quot;:&quot;classic&quot;,&quot;animation&quot;:&quot;fadeIn&quot;}\">\n\t\t\t\t\t\t\t<div class=\"elementor-background-overlay\"><\/div>\n\t\t\t\t\t\t\t<div class=\"elementor-container elementor-column-gap-default\">\n\t\t\t\t\t<div class=\"elementor-column elementor-col-100 elementor-top-column elementor-element elementor-element-5845a294\" data-id=\"5845a294\" data-element_type=\"column\">\n\t\t\t<div class=\"elementor-widget-wrap elementor-element-populated\">\n\t\t\t\t\t\t<div class=\"elementor-element elementor-element-32a1ed5e elementor-invisible elementor-widget elementor-widget-heading\" data-id=\"32a1ed5e\" data-element_type=\"widget\" data-settings=\"{&quot;_animation&quot;:&quot;fadeInDown&quot;}\" data-widget_type=\"heading.default\">\n\t\t\t\t<div class=\"elementor-widget-container\">\n\t\t\t\t\t<h1 class=\"elementor-heading-title elementor-size-default\">Erasmus+<\/h1>\t\t\t\t<\/div>\n\t\t\t\t<\/div>\n\t\t\t\t<div class=\"elementor-element elementor-element-22c1b3e5 elementor-widget-mobile__width-auto elementor-align-center elementor-widget__width-auto elementor-invisible elementor-widget elementor-widget-button\" data-id=\"22c1b3e5\" data-element_type=\"widget\" data-settings=\"{&quot;_animation&quot;:&quot;fadeInUp&quot;}\" data-widget_type=\"button.default\">\n\t\t\t\t<div class=\"elementor-widget-container\">\n\t\t\t\t\t\t\t\t\t<div class=\"elementor-button-wrapper\">\n\t\t\t\t\t<a class=\"elementor-button elementor-button-link elementor-size-sm\" href=\"#\">\n\t\t\t\t\t\t<span class=\"elementor-button-content-wrapper\">\n\t\t\t\t\t\t\t\t\t<span class=\"elementor-button-text\">Hier geht\u00b4s zu den Berichten<\/span>\n\t\t\t\t\t<\/span>\n\t\t\t\t\t<\/a>\n\t\t\t\t<\/div>\n\t\t\t\t\t\t\t\t<\/div>\n\t\t\t\t<\/div>\n\t\t\t\t\t<\/div>\n\t\t<\/div>\n\t\t\t\t\t<\/div>\n\t\t<\/section>\n\t\t\t\t<section class=\"elementor-section elementor-top-section elementor-element elementor-element-7e293611 elementor-section-content-middle elementor-section-boxed elementor-section-height-default elementor-section-height-default\" data-id=\"7e293611\" data-element_type=\"section\">\n\t\t\t\t\t\t<div class=\"elementor-container elementor-column-gap-default\">\n\t\t\t\t\t<div class=\"elementor-column elementor-col-50 elementor-top-column elementor-element elementor-element-4ead949f\" data-id=\"4ead949f\" data-element_type=\"column\">\n\t\t\t<div class=\"elementor-widget-wrap elementor-element-populated\">\n\t\t\t\t\t\t<section class=\"elementor-section elementor-inner-section elementor-element elementor-element-6dc65643 elementor-section-content-bottom elementor-section-boxed elementor-section-height-default elementor-section-height-default\" data-id=\"6dc65643\" data-element_type=\"section\">\n\t\t\t\t\t\t<div class=\"elementor-container elementor-column-gap-default\">\n\t\t\t\t\t<div class=\"elementor-column elementor-col-50 elementor-inner-column elementor-element elementor-element-36091403\" data-id=\"36091403\" data-element_type=\"column\">\n\t\t\t<div class=\"elementor-widget-wrap elementor-element-populated\">\n\t\t\t\t\t\t<div class=\"elementor-element elementor-element-111a5a9d elementor-widget elementor-widget-heading\" data-id=\"111a5a9d\" data-element_type=\"widget\" data-widget_type=\"heading.default\">\n\t\t\t\t<div class=\"elementor-widget-container\">\n\t\t\t\t\t<h3 class=\"elementor-heading-title elementor-size-default\">Europas beliebtes Bildungsprogramm<\/h3>\t\t\t\t<\/div>\n\t\t\t\t<\/div>\n\t\t\t\t\t<\/div>\n\t\t<\/div>\n\t\t\t\t<div class=\"elementor-column elementor-col-50 elementor-inner-column elementor-element elementor-element-3cd35c05\" data-id=\"3cd35c05\" data-element_type=\"column\">\n\t\t\t<div class=\"elementor-widget-wrap elementor-element-populated\">\n\t\t\t\t\t\t<div class=\"elementor-element elementor-element-5318f49c elementor-widget elementor-widget-image\" data-id=\"5318f49c\" data-element_type=\"widget\" data-widget_type=\"image.default\">\n\t\t\t\t<div class=\"elementor-widget-container\">\n\t\t\t\t\t\t\t\t\t\t\t\t\t\t\t<img fetchpriority=\"high\" decoding=\"async\" width=\"625\" height=\"178\" src=\"https:\/\/international-mwbk.de\/wp-content\/uploads\/2023\/03\/EU-flag-Erasmus_vect_POS-1024x292.jpeg\" class=\"attachment-large size-large wp-image-11581\" alt=\"\" srcset=\"https:\/\/international-mwbk.de\/wp-content\/uploads\/2023\/03\/EU-flag-Erasmus_vect_POS-1024x292.jpeg 1024w, https:\/\/international-mwbk.de\/wp-content\/uploads\/2023\/03\/EU-flag-Erasmus_vect_POS-300x86.jpeg 300w, https:\/\/international-mwbk.de\/wp-content\/uploads\/2023\/03\/EU-flag-Erasmus_vect_POS-768x219.jpeg 768w, https:\/\/international-mwbk.de\/wp-content\/uploads\/2023\/03\/EU-flag-Erasmus_vect_POS-1536x439.jpeg 1536w, https:\/\/international-mwbk.de\/wp-content\/uploads\/2023\/03\/EU-flag-Erasmus_vect_POS-624x178.jpeg 624w, https:\/\/international-mwbk.de\/wp-content\/uploads\/2023\/03\/EU-flag-Erasmus_vect_POS.jpeg 1964w\" sizes=\"(max-width: 625px) 100vw, 625px\" \/>\t\t\t\t\t\t\t\t\t\t\t\t\t\t\t<\/div>\n\t\t\t\t<\/div>\n\t\t\t\t\t<\/div>\n\t\t<\/div>\n\t\t\t\t\t<\/div>\n\t\t<\/section>\n\t\t\t\t<div class=\"elementor-element elementor-element-15260e03 elementor-widget elementor-widget-text-editor\" data-id=\"15260e03\" data-element_type=\"widget\" data-widget_type=\"text-editor.default\">\n\t\t\t\t<div class=\"elementor-widget-container\">\n\t\t\t\t\t\t\t\t\t<p>\u201eErasmus+ ist das Programm f\u00fcr Bildung, Jugend und Sport der Europ\u00e4ischen Union. In ihm werden die bisherigen EU-Programme f\u00fcr lebenslanges Lernen, Jugend und Sport sowie die Kooperationsprogramme bei den Hochschulen zusammengefasst. (\u2026) Erasmus+ er\u00f6ffnet f\u00fcr die Jahre 2014 bis 2020 neue Perspektiven f\u00fcr die Mobilit\u00e4t Lernender und unterst\u00fctzt junge Menschen und Lernende dabei, besch\u00e4ftigungsrelevante und interkulturelle Kompetenzen zu erwerben. Zudem f\u00f6rdert Erasmus+ die europ\u00e4ische sowie internationale Bildungszusammenarbeit und hilft den teilnehmenden L\u00e4ndern bei der Modernisierung ihrer Bildungssysteme und der Jugendarbeit.\u201c (siehe: Bundesministerium f\u00fcr Bildung und Forschung)<\/p>\t\t\t\t\t\t\t\t<\/div>\n\t\t\t\t<\/div>\n\t\t\t\t<div class=\"elementor-element elementor-element-74cf8154 elementor-widget elementor-widget-image\" data-id=\"74cf8154\" data-element_type=\"widget\" data-widget_type=\"image.default\">\n\t\t\t\t<div class=\"elementor-widget-container\">\n\t\t\t\t\t\t\t\t\t\t\t\t\t\t\t<img decoding=\"async\" width=\"625\" height=\"136\" src=\"https:\/\/international-mwbk.de\/wp-content\/uploads\/2023\/03\/DE-Finanziert-von-der-Europ\u201eischen-Union-POS-1536x334-1-1024x223.png\" class=\"attachment-large size-large wp-image-11583\" alt=\"\" srcset=\"https:\/\/international-mwbk.de\/wp-content\/uploads\/2023\/03\/DE-Finanziert-von-der-Europ\u201eischen-Union-POS-1536x334-1-1024x223.png 1024w, https:\/\/international-mwbk.de\/wp-content\/uploads\/2023\/03\/DE-Finanziert-von-der-Europ\u201eischen-Union-POS-1536x334-1-300x65.png 300w, https:\/\/international-mwbk.de\/wp-content\/uploads\/2023\/03\/DE-Finanziert-von-der-Europ\u201eischen-Union-POS-1536x334-1-768x167.png 768w, https:\/\/international-mwbk.de\/wp-content\/uploads\/2023\/03\/DE-Finanziert-von-der-Europ\u201eischen-Union-POS-1536x334-1-624x136.png 624w, https:\/\/international-mwbk.de\/wp-content\/uploads\/2023\/03\/DE-Finanziert-von-der-Europ\u201eischen-Union-POS-1536x334-1.png 1536w\" sizes=\"(max-width: 625px) 100vw, 625px\" \/>\t\t\t\t\t\t\t\t\t\t\t\t\t\t\t<\/div>\n\t\t\t\t<\/div>\n\t\t\t\t\t<\/div>\n\t\t<\/div>\n\t\t\t\t<div class=\"elementor-column elementor-col-50 elementor-top-column elementor-element elementor-element-a64e1e8\" data-id=\"a64e1e8\" data-element_type=\"column\">\n\t\t\t<div class=\"elementor-widget-wrap elementor-element-populated\">\n\t\t\t\t\t\t<div class=\"elementor-element elementor-element-462bb9c9 elementor-widget elementor-widget-image\" data-id=\"462bb9c9\" data-element_type=\"widget\" data-widget_type=\"image.default\">\n\t\t\t\t<div class=\"elementor-widget-container\">\n\t\t\t\t\t\t\t\t\t\t\t\t\t\t\t<img decoding=\"async\" width=\"625\" height=\"481\" src=\"https:\/\/international-mwbk.de\/wp-content\/uploads\/2023\/03\/2022_08_08-1.png\" class=\"attachment-large size-large wp-image-11582\" alt=\"\" srcset=\"https:\/\/international-mwbk.de\/wp-content\/uploads\/2023\/03\/2022_08_08-1.png 943w, https:\/\/international-mwbk.de\/wp-content\/uploads\/2023\/03\/2022_08_08-1-300x231.png 300w, https:\/\/international-mwbk.de\/wp-content\/uploads\/2023\/03\/2022_08_08-1-768x590.png 768w, https:\/\/international-mwbk.de\/wp-content\/uploads\/2023\/03\/2022_08_08-1-624x480.png 624w\" sizes=\"(max-width: 625px) 100vw, 625px\" \/>\t\t\t\t\t\t\t\t\t\t\t\t\t\t\t<\/div>\n\t\t\t\t<\/div>\n\t\t\t\t\t<\/div>\n\t\t<\/div>\n\t\t\t\t\t<\/div>\n\t\t<\/section>\n\t\t\t\t<section class=\"elementor-section elementor-top-section elementor-element elementor-element-c1be7dc elementor-section-boxed elementor-section-height-default elementor-section-height-default\" data-id=\"c1be7dc\" data-element_type=\"section\">\n\t\t\t\t\t\t<div class=\"elementor-container elementor-column-gap-default\">\n\t\t\t\t\t<div class=\"elementor-column elementor-col-100 elementor-top-column elementor-element elementor-element-ba5fa90\" data-id=\"ba5fa90\" data-element_type=\"column\">\n\t\t\t<div class=\"elementor-widget-wrap elementor-element-populated\">\n\t\t\t\t\t\t<div class=\"elementor-element elementor-element-aaa4ada elementor-widget elementor-widget-heading\" data-id=\"aaa4ada\" data-element_type=\"widget\" data-widget_type=\"heading.default\">\n\t\t\t\t<div class=\"elementor-widget-container\">\n\t\t\t\t\t<h2 class=\"elementor-heading-title elementor-size-default\">Alle Projektberichte<\/h2>\t\t\t\t<\/div>\n\t\t\t\t<\/div>\n\t\t\t\t<div class=\"elementor-element elementor-element-1c63261 elementor-widget elementor-widget-shortcode\" data-id=\"1c63261\" data-element_type=\"widget\" data-widget_type=\"shortcode.default\">\n\t\t\t\t<div class=\"elementor-widget-container\">\n\t\t\t\t\t\t\t<div class=\"elementor-shortcode\"><div class=\"post_tags\"><a href='https:\/\/international-mwbk.de\/?tag=vocaltional-europe-3' title='Vocational Europe 3 Tag' class='vocaltional-europe-3'>Vocational Europe 3<\/a><a href='https:\/\/international-mwbk.de\/?tag=vocational-europe-2' title='Vocational Europe 2 Tag' class='vocational-europe-2'>Vocational Europe 2<\/a><a href='https:\/\/international-mwbk.de\/?tag=vocational-europe' title='Vocational Europe Tag' class='vocational-europe'>Vocational Europe<\/a><a href='https:\/\/international-mwbk.de\/?tag=lets-talk-european' title='Let\u2019s talk European Tag' class='lets-talk-european'>Let\u2019s talk European<\/a><a href='https:\/\/international-mwbk.de\/?tag=gaeste' title='G\u00e4ste Tag' class='gaeste'>G\u00e4ste<\/a><a href='https:\/\/international-mwbk.de\/?tag=europe-for-future' title='Europe for Future Tag' class='europe-for-future'>Europe for Future<\/a><a href='https:\/\/international-mwbk.de\/?tag=europe-4-0' title='Europe 4.0 Tag' class='europe-4-0'>Europe 4.0<\/a><a href='https:\/\/international-mwbk.de\/?tag=competences-for-a-european-future' title='Competences for a European Future Tag' class='competences-for-a-european-future'>Competences for a European Future<\/a><a href='https:\/\/international-mwbk.de\/?tag=ausbildungweltweit' title='AusbildungWeltweit Tag' class='ausbildungweltweit'>AusbildungWeltweit<\/a><a href='https:\/\/international-mwbk.de\/?tag=amsterdam' title='Amsterdam Tag' class='amsterdam'>Amsterdam<\/a><a href='https:\/\/international-mwbk.de\/?tag=aktuelles' title='Aktuelles Tag' class='aktuelles'>Aktuelles<\/a><\/div><\/div>\n\t\t\t\t\t\t<\/div>\n\t\t\t\t<\/div>\n\t\t\t\t\t<\/div>\n\t\t<\/div>\n\t\t\t\t\t<\/div>\n\t\t<\/section>\n\t\t\t\t<section class=\"elementor-section elementor-top-section elementor-element elementor-element-7845612a elementor-section-boxed elementor-section-height-default elementor-section-height-default\" data-id=\"7845612a\" data-element_type=\"section\">\n\t\t\t\t\t\t<div class=\"elementor-container elementor-column-gap-default\">\n\t\t\t\t\t<div class=\"elementor-column elementor-col-100 elementor-top-column elementor-element elementor-element-59553478\" data-id=\"59553478\" data-element_type=\"column\">\n\t\t\t<div class=\"elementor-widget-wrap elementor-element-populated\">\n\t\t\t\t\t\t<div class=\"elementor-element elementor-element-78f09377 elementor-widget elementor-widget-heading\" data-id=\"78f09377\" data-element_type=\"widget\" data-widget_type=\"heading.default\">\n\t\t\t\t<div class=\"elementor-widget-container\">\n\t\t\t\t\t<h3 class=\"elementor-heading-title elementor-size-default\">Erasmus+ Projekte<\/h3>\t\t\t\t<\/div>\n\t\t\t\t<\/div>\n\t\t\t\t<div class=\"elementor-element elementor-element-bb7a8fe elementor-widget elementor-widget-text-editor\" data-id=\"bb7a8fe\" data-element_type=\"widget\" data-widget_type=\"text-editor.default\">\n\t\t\t\t<div class=\"elementor-widget-container\">\n\t\t\t\t\t\t\t\t\t<p>Berichte sind jeweils zu &#8222;Keyaction 1&#8220;-Projekten verf\u00fcgbar.<\/p>\t\t\t\t\t\t\t\t<\/div>\n\t\t\t\t<\/div>\n\t\t\t\t<div class=\"elementor-element elementor-element-732f0af9 elementor-widget elementor-widget-text-editor\" data-id=\"732f0af9\" data-element_type=\"widget\" data-widget_type=\"text-editor.default\">\n\t\t\t\t<div class=\"elementor-widget-container\">\n\t\t\t\t\t\t\t\t\t<p><strong>2022-2027: <\/strong><a href=\"https:\/\/international-mwbk.de\/?tag=vocational-europe\">Vocational Europe (Keyaction 1)<\/a><\/p><p><strong>2022-2025:<\/strong>\u00a0<a href=\"https:\/\/instagram.com\/grinn.ed?igshid=MzRlODBiNWFlZA==\">GrInnED \u2013 Green innovation: Make education sustainable! (Keyaction2)<\/a><\/p><p><strong>2022-2024:<\/strong>\u00a0Diggigreen4VET (Keyaction 2)<\/p><p><strong>2019-2021:<\/strong>\u00a0<a href=\"https:\/\/twinspace.etwinning.net\/93782\/home\" target=\"_blank\" rel=\"noopener noreferrer\">Digital Europeans (Keyaction 2)<\/a><\/p><p><strong>2018 -2020:<\/strong><a href=\"https:\/\/international-mwbk.de\/?tag=europe-4-0\">\u00a0Europe 4.0 (Keyaction 1)<\/a><\/p><p><strong>2016-2019:<\/strong>\u00a0<a href=\"https:\/\/www.max-weber-berufskolleg.de\/web\/wp-content\/uploads\/2017\/07\/2016_2019_Bsmart4Europe.pdf\" target=\"_blank\" rel=\"noopener noreferrer\">B.Smart4Europe (Keyaction 2)<\/a><\/p><p><strong>2016-2018:<\/strong>\u00a0<a href=\"https:\/\/international-mwbk.de\/?tag=lets-talk-european\" rel=\"noopener noreferrer\">Let\u2019s talk European (Keyaktion 1)<\/a><\/p><p><strong>2014-2016:<\/strong>\u00a0<a href=\"https:\/\/www.max-weber-berufskolleg.de\/web\/wp-content\/uploads\/2017\/07\/2014_2016_Changing-Paradigm.pdf\" target=\"_blank\" rel=\"noopener noreferrer\">Changing Paradigm (Keyaction 2)<\/a><\/p><p><strong>2014-2016:<\/strong>\u00a0<a href=\"https:\/\/international-mwbk.de\/?tag=competences-for-a-european-future\" target=\"_blank\" rel=\"noopener noreferrer\">Competences for a European Future (Keyation 1)<\/a><\/p>\t\t\t\t\t\t\t\t<\/div>\n\t\t\t\t<\/div>\n\t\t\t\t\t<\/div>\n\t\t<\/div>\n\t\t\t\t\t<\/div>\n\t\t<\/section>\n\t\t\t\t<section class=\"elementor-section elementor-top-section elementor-element elementor-element-2778c6b7 elementor-section-boxed elementor-section-height-default elementor-section-height-default\" data-id=\"2778c6b7\" data-element_type=\"section\" data-settings=\"{&quot;background_background&quot;:&quot;classic&quot;}\">\n\t\t\t\t\t\t<div class=\"elementor-container elementor-column-gap-default\">\n\t\t\t\t\t<div class=\"elementor-column elementor-col-100 elementor-top-column elementor-element elementor-element-4ac33cd5\" data-id=\"4ac33cd5\" data-element_type=\"column\">\n\t\t\t<div class=\"elementor-widget-wrap elementor-element-populated\">\n\t\t\t\t\t\t<div class=\"elementor-element elementor-element-27690612 elementor-blockquote--skin-quotation elementor-blockquote--button-color-official elementor-widget elementor-widget-blockquote\" data-id=\"27690612\" data-element_type=\"widget\" data-widget_type=\"blockquote.default\">\n\t\t\t\t<div class=\"elementor-widget-container\">\n\t\t\t\t\t\t\t<blockquote class=\"elementor-blockquote\">\n\t\t\t<p class=\"elementor-blockquote__content\">\n\t\t\t\tDas Programm schl\u00e4gt Br\u00fccken zwischen Menschen, wirkt \u00fcber Bildungsbereiche und L\u00e4ndergrenzen hinweg. Die finanziell deutlich bessere Ausstattung bietet jungen Menschen einzigartige Angebote und Chancen, sich pers\u00f6nlich weiterzuentwickeln und wichtige berufliche Kompetenzen anzueignen. Das beugt Jugendarbeitslosigkeit vor und schafft Perspektiven f\u00fcr die Jugend Europas. <br><span style=\"font-size: 12px;\">(Copyright: Wahluniversum \/ Frau Jessica Wahl)<\/span>\t\t\t<\/p>\n\t\t\t\t\t\t\t<div class=\"e-q-footer\">\n\t\t\t\t\t\t\t\t\t\t\t<cite class=\"elementor-blockquote__author\">Johanna Wanka (Bundesministerin f\u00fcr Bildung und Forschung von 2013-2017)<\/cite>\n\t\t\t\t\t\t\t\t\t\t\t\t\t\t<\/div>\n\t\t\t\t\t<\/blockquote>\n\t\t\t\t\t\t<\/div>\n\t\t\t\t<\/div>\n\t\t\t\t\t<\/div>\n\t\t<\/div>\n\t\t\t\t\t<\/div>\n\t\t<\/section>\n\t\t\t\t<section class=\"elementor-section elementor-top-section elementor-element elementor-element-60986123 elementor-section-boxed elementor-section-height-default elementor-section-height-default\" data-id=\"60986123\" data-element_type=\"section\">\n\t\t\t\t\t\t<div class=\"elementor-container elementor-column-gap-default\">\n\t\t\t\t\t<div class=\"elementor-column elementor-col-100 elementor-top-column elementor-element elementor-element-1c48be20\" data-id=\"1c48be20\" data-element_type=\"column\">\n\t\t\t<div class=\"elementor-widget-wrap elementor-element-populated\">\n\t\t\t\t\t\t<div class=\"elementor-element elementor-element-16bbf4d elementor-widget elementor-widget-heading\" data-id=\"16bbf4d\" data-element_type=\"widget\" data-widget_type=\"heading.default\">\n\t\t\t\t<div class=\"elementor-widget-container\">\n\t\t\t\t\t<h2 class=\"elementor-heading-title elementor-size-default\">Checkliste zum Auslandspraktikum<\/h2>\t\t\t\t<\/div>\n\t\t\t\t<\/div>\n\t\t\t\t<div class=\"elementor-element elementor-element-1da01d02 elementor-widget-mobile__width-auto elementor-align-center elementor-widget__width-auto elementor-invisible elementor-widget elementor-widget-button\" data-id=\"1da01d02\" data-element_type=\"widget\" data-settings=\"{&quot;_animation&quot;:&quot;fadeInUp&quot;,&quot;_animation_delay&quot;:250}\" data-widget_type=\"button.default\">\n\t\t\t\t<div class=\"elementor-widget-container\">\n\t\t\t\t\t\t\t\t\t<div class=\"elementor-button-wrapper\">\n\t\t\t\t\t<a class=\"elementor-button elementor-button-link elementor-size-sm\" href=\"#reply-title\">\n\t\t\t\t\t\t<span class=\"elementor-button-content-wrapper\">\n\t\t\t\t\t\t<span class=\"elementor-button-icon\">\n\t\t\t\t<i aria-hidden=\"true\" class=\"icon icon-right-arrow\"><\/i>\t\t\t<\/span>\n\t\t\t\t\t\t\t\t\t<span class=\"elementor-button-text\">kommentieren<\/span>\n\t\t\t\t\t<\/span>\n\t\t\t\t\t<\/a>\n\t\t\t\t<\/div>\n\t\t\t\t\t\t\t\t<\/div>\n\t\t\t\t<\/div>\n\t\t\t\t\t<\/div>\n\t\t<\/div>\n\t\t\t\t\t<\/div>\n\t\t<\/section>\n\t\t\t\t<\/div>\n\t\t","protected":false},"excerpt":{"rendered":"<p>Erasmus+ Hier geht\u00b4s zu den Berichten Europas beliebtes Bildungsprogramm \u201eErasmus+ ist das Programm f\u00fcr Bildung, Jugend und Sport der Europ\u00e4ischen Union. In ihm werden die bisherigen EU-Programme f\u00fcr lebenslanges Lernen, Jugend und Sport sowie die Kooperationsprogramme bei den Hochschulen zusammengefasst. (\u2026) Erasmus+ er\u00f6ffnet f\u00fcr die Jahre 2014 bis 2020 neue Perspektiven f\u00fcr die Mobilit\u00e4t Lernender [&hellip;]<\/p>\n","protected":false},"author":325,"featured_media":0,"parent":0,"menu_order":0,"comment_status":"closed","ping_status":"closed","template":"","meta":{"footnotes":""},"_links":{"self":[{"href":"https:\/\/international-mwbk.de\/index.php?rest_route=\/wp\/v2\/pages\/11579"}],"collection":[{"href":"https:\/\/international-mwbk.de\/index.php?rest_route=\/wp\/v2\/pages"}],"about":[{"href":"https:\/\/international-mwbk.de\/index.php?rest_route=\/wp\/v2\/types\/page"}],"author":[{"embeddable":true,"href":"https:\/\/international-mwbk.de\/index.php?rest_route=\/wp\/v2\/users\/325"}],"replies":[{"embeddable":true,"href":"https:\/\/international-mwbk.de\/index.php?rest_route=%2Fwp%2Fv2%2Fcomments&post=11579"}],"version-history":[{"count":10,"href":"https:\/\/international-mwbk.de\/index.php?rest_route=\/wp\/v2\/pages\/11579\/revisions"}],"predecessor-version":[{"id":12343,"href":"https:\/\/international-mwbk.de\/index.php?rest_route=\/wp\/v2\/pages\/11579\/revisions\/12343"}],"wp:attachment":[{"href":"https:\/\/international-mwbk.de\/index.php?rest_route=%2Fwp%2Fv2%2Fmedia&parent=11579"}],"curies":[{"name":"wp","href":"https:\/\/api.w.org\/{rel}","templated":true}]}}