{"id":11574,"date":"2023-03-12T23:34:03","date_gmt":"2023-03-12T21:34:03","guid":{"rendered":"https:\/\/international-mwbk.de\/?page_id=11574"},"modified":"2025-05-13T10:36:58","modified_gmt":"2025-05-13T08:36:58","slug":"alle-berichte","status":"publish","type":"page","link":"https:\/\/international-mwbk.de\/?page_id=11574","title":{"rendered":"Alle Berichte"},"content":{"rendered":"\t\t<div data-elementor-type=\"wp-page\" data-elementor-id=\"11574\" class=\"elementor elementor-11574\" data-elementor-post-type=\"page\">\n\t\t\t\t\t\t<section class=\"elementor-section elementor-top-section elementor-element elementor-element-3f0a97fb elementor-section-boxed elementor-section-height-default elementor-section-height-default\" data-id=\"3f0a97fb\" data-element_type=\"section\" data-settings=\"{&quot;background_background&quot;:&quot;classic&quot;}\">\n\t\t\t\t\t\t<div class=\"elementor-container elementor-column-gap-default\">\n\t\t\t\t\t<div class=\"elementor-column elementor-col-100 elementor-top-column elementor-element elementor-element-7b82abf1\" data-id=\"7b82abf1\" data-element_type=\"column\">\n\t\t\t<div class=\"elementor-widget-wrap elementor-element-populated\">\n\t\t\t\t\t\t<div class=\"elementor-element elementor-element-14d23981 elementor-widget elementor-widget-heading\" data-id=\"14d23981\" data-element_type=\"widget\" data-widget_type=\"heading.default\">\n\t\t\t\t<div class=\"elementor-widget-container\">\n\t\t\t\t\t<h2 class=\"elementor-heading-title elementor-size-default\">Neueste Berichte<\/h2>\t\t\t\t<\/div>\n\t\t\t\t<\/div>\n\t\t\t\t<div class=\"elementor-element elementor-element-24d92b0c elementor-widget elementor-widget-heading\" data-id=\"24d92b0c\" data-element_type=\"widget\" data-widget_type=\"heading.default\">\n\t\t\t\t<div class=\"elementor-widget-container\">\n\t\t\t\t\t<h5 class=\"elementor-heading-title elementor-size-default\">Projekte<\/h5>\t\t\t\t<\/div>\n\t\t\t\t<\/div>\n\t\t\t\t<div class=\"elementor-element elementor-element-5c4181c6 elementor-widget elementor-widget-shortcode\" data-id=\"5c4181c6\" data-element_type=\"widget\" data-widget_type=\"shortcode.default\">\n\t\t\t\t<div class=\"elementor-widget-container\">\n\t\t\t\t\t\t\t<div class=\"elementor-shortcode\"><div class=\"post_tags\"><a href='https:\/\/international-mwbk.de\/?tag=vocaltional-europe-3' title='Vocational Europe 3 Tag' class='vocaltional-europe-3'>Vocational Europe 3<\/a><a href='https:\/\/international-mwbk.de\/?tag=vocational-europe-2' title='Vocational Europe 2 Tag' class='vocational-europe-2'>Vocational Europe 2<\/a><a href='https:\/\/international-mwbk.de\/?tag=vocational-europe' title='Vocational Europe Tag' class='vocational-europe'>Vocational Europe<\/a><a href='https:\/\/international-mwbk.de\/?tag=lets-talk-european' title='Let\u2019s talk European Tag' class='lets-talk-european'>Let\u2019s talk European<\/a><a href='https:\/\/international-mwbk.de\/?tag=gaeste' title='G\u00e4ste Tag' class='gaeste'>G\u00e4ste<\/a><a href='https:\/\/international-mwbk.de\/?tag=europe-for-future' title='Europe for Future Tag' class='europe-for-future'>Europe for Future<\/a><a href='https:\/\/international-mwbk.de\/?tag=europe-4-0' title='Europe 4.0 Tag' class='europe-4-0'>Europe 4.0<\/a><a href='https:\/\/international-mwbk.de\/?tag=competences-for-a-european-future' title='Competences for a European Future Tag' class='competences-for-a-european-future'>Competences for a European Future<\/a><a href='https:\/\/international-mwbk.de\/?tag=ausbildungweltweit' title='AusbildungWeltweit Tag' class='ausbildungweltweit'>AusbildungWeltweit<\/a><a href='https:\/\/international-mwbk.de\/?tag=amsterdam' title='Amsterdam Tag' class='amsterdam'>Amsterdam<\/a><a href='https:\/\/international-mwbk.de\/?tag=aktuelles' title='Aktuelles Tag' class='aktuelles'>Aktuelles<\/a><\/div><\/div>\n\t\t\t\t\t\t<\/div>\n\t\t\t\t<\/div>\n\t\t\t\t<div class=\"elementor-element elementor-element-5bef31cb elementor-posts--thumbnail-none elementor-grid-3 elementor-grid-tablet-2 elementor-grid-mobile-1 elementor-card-shadow-yes elementor-posts__hover-gradient elementor-widget elementor-widget-posts\" data-id=\"5bef31cb\" data-element_type=\"widget\" data-settings=\"{&quot;pagination_type&quot;:&quot;numbers&quot;,&quot;cards_columns&quot;:&quot;3&quot;,&quot;cards_columns_tablet&quot;:&quot;2&quot;,&quot;cards_columns_mobile&quot;:&quot;1&quot;,&quot;cards_row_gap&quot;:{&quot;unit&quot;:&quot;px&quot;,&quot;size&quot;:35,&quot;sizes&quot;:[]},&quot;cards_row_gap_tablet&quot;:{&quot;unit&quot;:&quot;px&quot;,&quot;size&quot;:&quot;&quot;,&quot;sizes&quot;:[]},&quot;cards_row_gap_mobile&quot;:{&quot;unit&quot;:&quot;px&quot;,&quot;size&quot;:&quot;&quot;,&quot;sizes&quot;:[]}}\" data-widget_type=\"posts.cards\">\n\t\t\t\t<div class=\"elementor-widget-container\">\n\t\t\t\t\t\t\t<div class=\"elementor-posts-container elementor-posts elementor-posts--skin-cards elementor-grid\">\n\t\t\t\t<article class=\"elementor-post elementor-grid-item post-14754 post type-post status-publish format-standard hentry category-allgemein tag-vocaltional-europe-3\">\n\t\t\t<div class=\"elementor-post__card\">\n\t\t\t\t<div class=\"elementor-post__text\">\n\t\t\t\t<h3 class=\"elementor-post__title\">\n\t\t\t<a href=\"https:\/\/international-mwbk.de\/?p=14754\" >\n\t\t\t\tNach der Mobilit\u00e4t\t\t\t<\/a>\n\t\t<\/h3>\n\t\t\t\t<div class=\"elementor-post__excerpt\">\n\t\t\t<p>3b) Ich habe meine Lernziele definitiv erreicht. Ich bin sicherer im Umgang mit fremden Menschen in einem Arbeitsumfeld geworden, auch wenn sie eine andere Sprache<\/p>\n\t\t<\/div>\n\t\t\n\t\t<a class=\"elementor-post__read-more\" href=\"https:\/\/international-mwbk.de\/?p=14754\" aria-label=\"Mehr \u00fcber Nach der Mobilit\u00e4t\" tabindex=\"-1\" >\n\t\t\tWeiterlesen \u00bb\t\t<\/a>\n\n\t\t\t\t<\/div>\n\t\t\t\t<div class=\"elementor-post__meta-data\">\n\t\t\t\t\t<span class=\"elementor-post-date\">\n\t\t\t29. April 2026\t\t<\/span>\n\t\t\t\t<\/div>\n\t\t\t\t\t<\/div>\n\t\t<\/article>\n\t\t\t\t<article class=\"elementor-post elementor-grid-item post-14751 post type-post status-publish format-standard hentry category-allgemein tag-vocaltional-europe-3\">\n\t\t\t<div class=\"elementor-post__card\">\n\t\t\t\t<div class=\"elementor-post__text\">\n\t\t\t\t<h3 class=\"elementor-post__title\">\n\t\t\t<a href=\"https:\/\/international-mwbk.de\/?p=14751\" >\n\t\t\t\tLetzter Tag Tallinn\t\t\t<\/a>\n\t\t<\/h3>\n\t\t\t\t<div class=\"elementor-post__excerpt\">\n\t\t\t<p>Heute ist mein letzter Arbeitstag in der Buchhaltung in Tallinn. Meine Aufgaben haben sich nicht gro\u00dfartig ver\u00e4ndert. Ich kontrolliere, best\u00e4tige und poste verschiedene Rechnungen. Ab<\/p>\n\t\t<\/div>\n\t\t\n\t\t<a class=\"elementor-post__read-more\" href=\"https:\/\/international-mwbk.de\/?p=14751\" aria-label=\"Mehr \u00fcber Letzter Tag Tallinn\" tabindex=\"-1\" >\n\t\t\tWeiterlesen \u00bb\t\t<\/a>\n\n\t\t\t\t<\/div>\n\t\t\t\t<div class=\"elementor-post__meta-data\">\n\t\t\t\t\t<span class=\"elementor-post-date\">\n\t\t\t29. April 2026\t\t<\/span>\n\t\t\t\t<\/div>\n\t\t\t\t\t<\/div>\n\t\t<\/article>\n\t\t\t\t<article class=\"elementor-post elementor-grid-item post-14744 post type-post status-publish format-standard hentry category-allgemein tag-vocaltional-europe-3\">\n\t\t\t<div class=\"elementor-post__card\">\n\t\t\t\t<div class=\"elementor-post__text\">\n\t\t\t\t<h3 class=\"elementor-post__title\">\n\t\t\t<a href=\"https:\/\/international-mwbk.de\/?p=14744\" >\n\t\t\t\tDer letzte Tag\t\t\t<\/a>\n\t\t<\/h3>\n\t\t\t\t<div class=\"elementor-post__excerpt\">\n\t\t\t<p>Heute war ich im Produktmanagement wo mir das ganze Thema von einer netten Kollegin n\u00e4her gebracht wurde und auch verst\u00e4ndlich da ich an sich nicht<\/p>\n\t\t<\/div>\n\t\t\n\t\t<a class=\"elementor-post__read-more\" href=\"https:\/\/international-mwbk.de\/?p=14744\" aria-label=\"Mehr \u00fcber Der letzte Tag\" tabindex=\"-1\" >\n\t\t\tWeiterlesen \u00bb\t\t<\/a>\n\n\t\t\t\t<\/div>\n\t\t\t\t<div class=\"elementor-post__meta-data\">\n\t\t\t\t\t<span class=\"elementor-post-date\">\n\t\t\t24. April 2026\t\t<\/span>\n\t\t\t\t<\/div>\n\t\t\t\t\t<\/div>\n\t\t<\/article>\n\t\t\t\t<article class=\"elementor-post elementor-grid-item post-14747 post type-post status-publish format-standard hentry category-allgemein tag-vocaltional-europe-3\">\n\t\t\t<div class=\"elementor-post__card\">\n\t\t\t\t<div class=\"elementor-post__text\">\n\t\t\t\t<h3 class=\"elementor-post__title\">\n\t\t\t<a href=\"https:\/\/international-mwbk.de\/?p=14747\" >\n\t\t\t\t3. Nach der Mobilit\u00e4t\t\t\t<\/a>\n\t\t<\/h3>\n\t\t\t\t<div class=\"elementor-post__excerpt\">\n\t\t\t<p>3b)Ja, ich habe mein pers\u00f6nliches Lernziel erreicht. Mein Ziel war es, einen m\u00f6glichst umfassenden Einblick in verschiedene Abteilungen und deren Abl\u00e4ufe zu bekommen sowie die<\/p>\n\t\t<\/div>\n\t\t\n\t\t<a class=\"elementor-post__read-more\" href=\"https:\/\/international-mwbk.de\/?p=14747\" aria-label=\"Mehr \u00fcber 3. Nach der Mobilit\u00e4t\" tabindex=\"-1\" >\n\t\t\tWeiterlesen \u00bb\t\t<\/a>\n\n\t\t\t\t<\/div>\n\t\t\t\t<div class=\"elementor-post__meta-data\">\n\t\t\t\t\t<span class=\"elementor-post-date\">\n\t\t\t24. April 2026\t\t<\/span>\n\t\t\t\t<\/div>\n\t\t\t\t\t<\/div>\n\t\t<\/article>\n\t\t\t\t<article class=\"elementor-post elementor-grid-item post-14745 post type-post status-publish format-standard hentry category-allgemein tag-vocaltional-europe-3\">\n\t\t\t<div class=\"elementor-post__card\">\n\t\t\t\t<div class=\"elementor-post__text\">\n\t\t\t\t<h3 class=\"elementor-post__title\">\n\t\t\t<a href=\"https:\/\/international-mwbk.de\/?p=14745\" >\n\t\t\t\tFinale Woche \u2013 die letzten Eindr\u00fccke\t\t\t<\/a>\n\t\t<\/h3>\n\t\t\t\t<div class=\"elementor-post__excerpt\">\n\t\t\t<p>Am Donnerstag war ich im Qualit\u00e4tsmanagement eingesetzt. Dort wurden mir die Prozesse und Arbeitsweisen des Unternehmens noch einmal genauer vorgestellt. Ein besonderer Fokus liegt hier<\/p>\n\t\t<\/div>\n\t\t\n\t\t<a class=\"elementor-post__read-more\" href=\"https:\/\/international-mwbk.de\/?p=14745\" aria-label=\"Mehr \u00fcber Finale Woche \u2013 die letzten Eindr\u00fccke\" tabindex=\"-1\" >\n\t\t\tWeiterlesen \u00bb\t\t<\/a>\n\n\t\t\t\t<\/div>\n\t\t\t\t<div class=\"elementor-post__meta-data\">\n\t\t\t\t\t<span class=\"elementor-post-date\">\n\t\t\t24. April 2026\t\t<\/span>\n\t\t\t\t<\/div>\n\t\t\t\t\t<\/div>\n\t\t<\/article>\n\t\t\t\t<article class=\"elementor-post elementor-grid-item post-14741 post type-post status-publish format-standard hentry category-allgemein tag-vocaltional-europe-3\">\n\t\t\t<div class=\"elementor-post__card\">\n\t\t\t\t<div class=\"elementor-post__text\">\n\t\t\t\t<h3 class=\"elementor-post__title\">\n\t\t\t<a href=\"https:\/\/international-mwbk.de\/?p=14741\" >\n\t\t\t\tTallinn &#8211; Woche 4 Part 2\t\t\t<\/a>\n\t\t<\/h3>\n\t\t\t\t<div class=\"elementor-post__excerpt\">\n\t\t\t<p>In den letzten Tagen habe ich einen tieferen \u00dcberblick \u00fcber die Buchhaltung bekommen. Bisher habe ich den ganzen Prozess zur Vorbereitung von Rechnungen zum bezahlen<\/p>\n\t\t<\/div>\n\t\t\n\t\t<a class=\"elementor-post__read-more\" href=\"https:\/\/international-mwbk.de\/?p=14741\" aria-label=\"Mehr \u00fcber Tallinn &#8211; Woche 4 Part 2\" tabindex=\"-1\" >\n\t\t\tWeiterlesen \u00bb\t\t<\/a>\n\n\t\t\t\t<\/div>\n\t\t\t\t<div class=\"elementor-post__meta-data\">\n\t\t\t\t\t<span class=\"elementor-post-date\">\n\t\t\t24. April 2026\t\t<\/span>\n\t\t\t\t<\/div>\n\t\t\t\t\t<\/div>\n\t\t<\/article>\n\t\t\t\t<article class=\"elementor-post elementor-grid-item post-14734 post type-post status-publish format-standard hentry category-allgemein tag-vocaltional-europe-3\">\n\t\t\t<div class=\"elementor-post__card\">\n\t\t\t\t<div class=\"elementor-post__text\">\n\t\t\t\t<h3 class=\"elementor-post__title\">\n\t\t\t<a href=\"https:\/\/international-mwbk.de\/?p=14734\" >\n\t\t\t\tQM (Qualit\u00e4smanagment)\t\t\t<\/a>\n\t\t<\/h3>\n\t\t\t\t<div class=\"elementor-post__excerpt\">\n\t\t\t<p>Wir kamen zusammen in diese Abteilung wo wir uns mit der Leitung der Abteilung ersteinmal nh bisschen kennen gelernt haben. Danach w\u00fcrde uns ein Ablauf<\/p>\n\t\t<\/div>\n\t\t\n\t\t<a class=\"elementor-post__read-more\" href=\"https:\/\/international-mwbk.de\/?p=14734\" aria-label=\"Mehr \u00fcber QM (Qualit\u00e4smanagment)\" tabindex=\"-1\" >\n\t\t\tWeiterlesen \u00bb\t\t<\/a>\n\n\t\t\t\t<\/div>\n\t\t\t\t<div class=\"elementor-post__meta-data\">\n\t\t\t\t\t<span class=\"elementor-post-date\">\n\t\t\t24. April 2026\t\t<\/span>\n\t\t\t\t<\/div>\n\t\t\t\t\t<\/div>\n\t\t<\/article>\n\t\t\t\t<article class=\"elementor-post elementor-grid-item post-14732 post type-post status-publish format-standard hentry category-allgemein tag-vocaltional-europe-3\">\n\t\t\t<div class=\"elementor-post__card\">\n\t\t\t\t<div class=\"elementor-post__text\">\n\t\t\t\t<h3 class=\"elementor-post__title\">\n\t\t\t<a href=\"https:\/\/international-mwbk.de\/?p=14732\" >\n\t\t\t\tLetzter Tag der ersten Woche\t\t\t<\/a>\n\t\t<\/h3>\n\t\t\t\t<div class=\"elementor-post__excerpt\">\n\t\t\t<p>Wir bekommen an dem Tag einen Werksrundgang wo uns alle Produktionsstellen gezeigt und erkl\u00e4rt wurden vom Zinkdruckguss bis zur kleinen schraube die zur Fertigstellung eines<\/p>\n\t\t<\/div>\n\t\t\n\t\t<a class=\"elementor-post__read-more\" href=\"https:\/\/international-mwbk.de\/?p=14732\" aria-label=\"Mehr \u00fcber Letzter Tag der ersten Woche\" tabindex=\"-1\" >\n\t\t\tWeiterlesen \u00bb\t\t<\/a>\n\n\t\t\t\t<\/div>\n\t\t\t\t<div class=\"elementor-post__meta-data\">\n\t\t\t\t\t<span class=\"elementor-post-date\">\n\t\t\t24. April 2026\t\t<\/span>\n\t\t\t\t<\/div>\n\t\t\t\t\t<\/div>\n\t\t<\/article>\n\t\t\t\t<article class=\"elementor-post elementor-grid-item post-14727 post type-post status-publish format-standard hentry category-allgemein tag-vocaltional-europe-3\">\n\t\t\t<div class=\"elementor-post__card\">\n\t\t\t\t<div class=\"elementor-post__text\">\n\t\t\t\t<h3 class=\"elementor-post__title\">\n\t\t\t<a href=\"https:\/\/international-mwbk.de\/?p=14727\" >\n\t\t\t\tDer erste Tag in Kalsdorf\t\t\t<\/a>\n\t\t<\/h3>\n\t\t\t\t<div class=\"elementor-post__excerpt\">\n\t\t\t<p>Es war ein wenig chaotisch da ich mit dem Flixbus gefahren bin und mein Arbeitskollege mit dem Flugzeug und sein Flug abgesagt wurde aber als<\/p>\n\t\t<\/div>\n\t\t\n\t\t<a class=\"elementor-post__read-more\" href=\"https:\/\/international-mwbk.de\/?p=14727\" aria-label=\"Mehr \u00fcber Der erste Tag in Kalsdorf\" tabindex=\"-1\" >\n\t\t\tWeiterlesen \u00bb\t\t<\/a>\n\n\t\t\t\t<\/div>\n\t\t\t\t<div class=\"elementor-post__meta-data\">\n\t\t\t\t\t<span class=\"elementor-post-date\">\n\t\t\t23. April 2026\t\t<\/span>\n\t\t\t\t<\/div>\n\t\t\t\t\t<\/div>\n\t\t<\/article>\n\t\t\t\t<article class=\"elementor-post elementor-grid-item post-14728 post type-post status-publish format-standard hentry category-allgemein tag-vocaltional-europe-3\">\n\t\t\t<div class=\"elementor-post__card\">\n\t\t\t\t<div class=\"elementor-post__text\">\n\t\t\t\t<h3 class=\"elementor-post__title\">\n\t\t\t<a href=\"https:\/\/international-mwbk.de\/?p=14728\" >\n\t\t\t\tMeine zweite Woche im Unternehmen\u201c\t\t\t<\/a>\n\t\t<\/h3>\n\t\t\t\t<div class=\"elementor-post__excerpt\">\n\t\t\t<p>In der zweiten Woche meines Auslandspraktikums durfte ich von Montag bis Mittwoch erneut viele spannende Eindr\u00fccke sammeln. Insgesamt macht mir das Praktikum weiterhin sehr viel<\/p>\n\t\t<\/div>\n\t\t\n\t\t<a class=\"elementor-post__read-more\" href=\"https:\/\/international-mwbk.de\/?p=14728\" aria-label=\"Mehr \u00fcber Meine zweite Woche im Unternehmen\u201c\" tabindex=\"-1\" >\n\t\t\tWeiterlesen \u00bb\t\t<\/a>\n\n\t\t\t\t<\/div>\n\t\t\t\t<div class=\"elementor-post__meta-data\">\n\t\t\t\t\t<span class=\"elementor-post-date\">\n\t\t\t23. April 2026\t\t<\/span>\n\t\t\t\t<\/div>\n\t\t\t\t\t<\/div>\n\t\t<\/article>\n\t\t\t\t<article class=\"elementor-post elementor-grid-item post-14725 post type-post status-publish format-standard hentry category-allgemein tag-vocaltional-europe-3\">\n\t\t\t<div class=\"elementor-post__card\">\n\t\t\t\t<div class=\"elementor-post__text\">\n\t\t\t\t<h3 class=\"elementor-post__title\">\n\t\t\t<a href=\"https:\/\/international-mwbk.de\/?p=14725\" >\n\t\t\t\tErwartungen an \u00d6sterreich\t\t\t<\/a>\n\t\t<\/h3>\n\t\t\t\t<div class=\"elementor-post__excerpt\">\n\t\t\t<p>Meine Erwartungen an \u00d6sterreich sind das das Kollegium nett ist und uns herzlich auf nimmt. Au\u00dferdem auch das wir einen anderen Eindruck von abl\u00e4ufen in<\/p>\n\t\t<\/div>\n\t\t\n\t\t<a class=\"elementor-post__read-more\" href=\"https:\/\/international-mwbk.de\/?p=14725\" aria-label=\"Mehr \u00fcber Erwartungen an \u00d6sterreich\" tabindex=\"-1\" >\n\t\t\tWeiterlesen \u00bb\t\t<\/a>\n\n\t\t\t\t<\/div>\n\t\t\t\t<div class=\"elementor-post__meta-data\">\n\t\t\t\t\t<span class=\"elementor-post-date\">\n\t\t\t23. April 2026\t\t<\/span>\n\t\t\t\t<\/div>\n\t\t\t\t\t<\/div>\n\t\t<\/article>\n\t\t\t\t<article class=\"elementor-post elementor-grid-item post-14723 post type-post status-publish format-standard hentry category-allgemein tag-vocaltional-europe-3\">\n\t\t\t<div class=\"elementor-post__card\">\n\t\t\t\t<div class=\"elementor-post__text\">\n\t\t\t\t<h3 class=\"elementor-post__title\">\n\t\t\t<a href=\"https:\/\/international-mwbk.de\/?p=14723\" >\n\t\t\t\tTallinn &#8211; Woche 4\t\t\t<\/a>\n\t\t<\/h3>\n\t\t\t\t<div class=\"elementor-post__excerpt\">\n\t\t\t<p>Was die Nachhaltigkeit angeht hat sich hier nichts ge\u00e4ndert im Vergleich zu meinem Ausbildungsbetrieb. Es wird haupts\u00e4chlich auf Papier verzichtet und alles wird digital bearbeitet.<\/p>\n\t\t<\/div>\n\t\t\n\t\t<a class=\"elementor-post__read-more\" href=\"https:\/\/international-mwbk.de\/?p=14723\" aria-label=\"Mehr \u00fcber Tallinn &#8211; Woche 4\" tabindex=\"-1\" >\n\t\t\tWeiterlesen \u00bb\t\t<\/a>\n\n\t\t\t\t<\/div>\n\t\t\t\t<div class=\"elementor-post__meta-data\">\n\t\t\t\t\t<span class=\"elementor-post-date\">\n\t\t\t21. April 2026\t\t<\/span>\n\t\t\t\t<\/div>\n\t\t\t\t\t<\/div>\n\t\t<\/article>\n\t\t\t\t<\/div>\n\t\t\n\t\t\t\t<div class=\"e-load-more-anchor\" data-page=\"1\" data-max-page=\"185\" data-next-page=\"https:\/\/international-mwbk.de\/index.php?rest_route=%2Fwp%2Fv2%2Fpages%2F11574&#038;paged=2\"><\/div>\n\t\t\t\t<nav class=\"elementor-pagination\" aria-label=\"Seitennummerierung\">\n\t\t\t<span aria-current=\"page\" class=\"page-numbers current\"><span class=\"elementor-screen-only\">Seite<\/span>1<\/span>\n<a class=\"page-numbers\" href=\"https:\/\/international-mwbk.de\/index.php\/?paged=2\"><span class=\"elementor-screen-only\">Seite<\/span>2<\/a>\n<a class=\"page-numbers\" href=\"https:\/\/international-mwbk.de\/index.php\/?paged=3\"><span class=\"elementor-screen-only\">Seite<\/span>3<\/a>\n<span class=\"page-numbers dots\">&hellip;<\/span>\n<a class=\"page-numbers\" href=\"https:\/\/international-mwbk.de\/index.php\/?paged=185\"><span class=\"elementor-screen-only\">Seite<\/span>185<\/a>\t\t<\/nav>\n\t\t\t\t\t\t<\/div>\n\t\t\t\t<\/div>\n\t\t\t\t\t<\/div>\n\t\t<\/div>\n\t\t\t\t\t<\/div>\n\t\t<\/section>\n\t\t\t\t<\/div>\n\t\t","protected":false},"excerpt":{"rendered":"<p>Neueste Berichte Projekte<\/p>\n","protected":false},"author":325,"featured_media":0,"parent":0,"menu_order":0,"comment_status":"closed","ping_status":"closed","template":"","meta":{"footnotes":""},"_links":{"self":[{"href":"https:\/\/international-mwbk.de\/index.php?rest_route=\/wp\/v2\/pages\/11574"}],"collection":[{"href":"https:\/\/international-mwbk.de\/index.php?rest_route=\/wp\/v2\/pages"}],"about":[{"href":"https:\/\/international-mwbk.de\/index.php?rest_route=\/wp\/v2\/types\/page"}],"author":[{"embeddable":true,"href":"https:\/\/international-mwbk.de\/index.php?rest_route=\/wp\/v2\/users\/325"}],"replies":[{"embeddable":true,"href":"https:\/\/international-mwbk.de\/index.php?rest_route=%2Fwp%2Fv2%2Fcomments&post=11574"}],"version-history":[{"count":10,"href":"https:\/\/international-mwbk.de\/index.php?rest_route=\/wp\/v2\/pages\/11574\/revisions"}],"predecessor-version":[{"id":13825,"href":"https:\/\/international-mwbk.de\/index.php?rest_route=\/wp\/v2\/pages\/11574\/revisions\/13825"}],"wp:attachment":[{"href":"https:\/\/international-mwbk.de\/index.php?rest_route=%2Fwp%2Fv2%2Fmedia&parent=11574"}],"curies":[{"name":"wp","href":"https:\/\/api.w.org\/{rel}","templated":true}]}}