{"id":10010,"date":"2020-03-26T18:22:19","date_gmt":"2020-03-26T16:22:19","guid":{"rendered":"http:\/\/international-mwbk.de\/?page_id=10010"},"modified":"2022-03-08T17:26:41","modified_gmt":"2022-03-08T15:26:41","slug":"projekt-europe-for-future","status":"publish","type":"page","link":"https:\/\/international-mwbk.de\/?page_id=10010","title":{"rendered":"Projekt Europe for Future"},"content":{"rendered":"<p>In einer st\u00e4ndig st\u00e4rker vernetzten Welt, insbesondere auf europ\u00e4ischer Ebene, werden interkulturelle und kommunikative Kompetenzen durch Auslandserfahrungen immer wichtiger. Auch r\u00fcckt der Gedanke der Nachhaltigkeit in allen gesellschaftlichen Bereichen st\u00e4rker in den Fokus. Deshalb steht die Kompetenzf\u00f6rderung in Hinblick auf die Arbeitsplatzsuche nach dem Schul- bzw. Ausbildungsabschluss im Zentrum des Projektes \u201aEurope for Future\u2019.<\/p>\n<p><a href=\"http:\/\/international-mwbk.de\/wp-content\/uploads\/2020\/03\/compass-1753659_1280.jpg\"><img fetchpriority=\"high\" decoding=\"async\" class=\"alignnone size-large wp-image-10012\" src=\"http:\/\/international-mwbk.de\/wp-content\/uploads\/2020\/03\/compass-1753659_1280-1024x621.jpg\" alt=\"\" width=\"625\" height=\"379\" \/><\/a>Das Projekt mit der Projektnummer 2020-1-DE02-KA102-007068\u00a0wurde im Mai 2020 von der\u00a0\u00a0<a href=\"https:\/\/www.na-bibb.de\/erasmus-berufsbildung\/\">NA-BiBB<\/a>\u00a0genehmigt. Die Finanzierung erfolgt \u00fcber das Programm Erasmus+ der Europ\u00e4ischen Kommission. \u00dcber dieses Projekt\u00a0hat das <a href=\"https:\/\/www.max-weber-berufskolleg.de\/web\/\">Max-Weber-Berufskolleg<\/a>\u00a0die M\u00f6glichkeit, zwischen Juni 2020 und Mai 2023 Mobilit\u00e4ten von Auszubildenden und Vollzeitsch\u00fclerInnen in Mitgliedsstaaten der EU, das UK, Serbien, Nordmazedonien, Island, Norwegen und weitere Staaten finanziell zu f\u00f6rdern.<\/p>\n<p>Ab Mitte Juni werden die Reisebeschr\u00e4nkungen innerhalb der EU wieder gelockert. Infos zum aktuellen Stand finden Sie z.B. <a href=\"https:\/\/reopen.europa.eu\/de\">hier<\/a>.<\/p>\n<p>Bei Fragen sprechen Sie uns gerne an: europa(at)max-weber-berufskolleg.de<\/p>\n<p>Folgende Dokumente helfen bei der Mobilit\u00e4tsvorbereitung und -durchf\u00fchrung.<\/p>\n<p><strong>Allgemeine Informationen<\/strong><\/p>\n<ul>\n<li><a href=\"https:\/\/www.dropbox.com\/s\/6rxi9pewepfwdx2\/Checkliste%20Auslandspraktikum.pdf?dl=0\">Checkliste Auslandspraktikum<\/a><\/li>\n<li><a href=\"https:\/\/www.go-ibs.de\/fileadmin\/user_upload\/na-bibb.de\/Dokumente\/06_Metanavigation\/02_Service\/Publikationen_Warenkorb\/Flyer\/IBS-Checkliste_-_Dein_Weg_ins_Ausland.pdf\">\u00dcbersicht Auslandspraktikum (ibs)<\/a><\/li>\n<li><a href=\"https:\/\/www.dropbox.com\/s\/esjobx65qr2n91y\/Infos%20E4F_Azubis.pdf?dl=0\">Informationen Europe for Future f\u00fcr Auszubildende<\/a><\/li>\n<li><a href=\"https:\/\/www.dropbox.com\/s\/l0jr5fzpew5ahxk\/2020%20F%C3%B6rders%C3%A4tze.pdf?dl=0\">F\u00f6rders\u00e4tze<\/a><\/li>\n<li><a href=\"https:\/\/www.duesseldorf.ihk.de\/produktmarken\/Ausbildung\/Ausbildung_von_A-Z\/Auslandsaufenthalt_waehrend_der_Ausbildung\/2596724\">Informationen der IHK zum Auslandspraktikum<\/a><\/li>\n<li><a href=\"https:\/\/www.berufsbildung-ohne-grenzen.de\/auszubildende\/links-material\/\">Berufsbildung ohne Grenzen<\/a>: Informationen und n\u00fctzliche Links auch zur Praktikumssuche<\/li>\n<li><a href=\"https:\/\/www.dropbox.com\/s\/cbi1wpzgx1cinrm\/2020_Mein%20Weg%20ins%20Auslandspraktikum.pdf?dl=0\">Mein Weg ins Auslandspraktikum<\/a>: n\u00fctzliche Informationen und Links<\/li>\n<li>Als Praktikant \u00fcber Erasmus+ haben Sie die M\u00f6glichkeit die so genannte\u00a0<a href=\"https:\/\/duesseldorf.esn-germany.de\/de\/was-ist-die-esncard\">ESNCard<\/a>\u00a0zu bekommen. Diese gibt Ihnen Rabatte u.a. bei einigen Reiseanbietern.<\/li>\n<\/ul>\n<p><strong>Links und Dokumente zur Projektdurchf\u00fchrung<\/strong><\/p>\n<ul>\n<li><a href=\"http:\/\/international-mwbk.de\/?p=10031\">Termine interkulturelle Vorbereitung 2021\/22<\/a><\/li>\n<li><a href=\"https:\/\/europa.eu\/europass\/de\/create-europass-cv\">Link zum Europass-Lebenslauf<\/a><\/li>\n<li><a href=\"https:\/\/www.dropbox.com\/s\/eckxj2nmsc1rlru\/Einverst%C3%A4ndniserkl%C3%A4rung_MWBK.pdf?dl=0\">Einverst\u00e4ndniserkl\u00e4rung<\/a><\/li>\n<li><a href=\"https:\/\/www.dropbox.com\/s\/o7sbghrh8lkk07d\/Einverst%C3%A4ndniserkl%C3%A4rung_MWBK_H%C3%B6Ha.pdf?dl=0\">Einverst\u00e4ndniserkl\u00e4rung (H\u00f6here Handelsschule)<\/a><\/li>\n<li><a href=\"https:\/\/www.dropbox.com\/s\/flkt1iukwtxhd2z\/20181010_datenabfrage_auslandspraktikum.xlsx?dl=0\">Datenabfrage Auslandspraktikum<\/a><\/li>\n<li><a href=\"https:\/\/www.na-bibb.de\/presse\/news\/ols-tolle-angebote-im-kurs\/\">Informationen zum Sprachentool OLS<\/a><\/li>\n<li><a href=\"https:\/\/www.dropbox.com\/s\/d8zal17g03qtoik\/AnwendungA1.pdf?dl=0\">Bescheinigung A1<\/a>\u00a0Infos dazu auch\u00a0<a href=\"https:\/\/www.deutsche-rentenversicherung.de\/Allgemein\/de\/Inhalt\/Allgemeines\/FAQ\/International\/a1_bescheinigung\/00_faq_liste_arbeiten_im_eu_ausland_die_a1_bescheinigung_nicht_vergessen.html?cms_submit=Los&amp;cms_resultsPerPage=5&amp;cms_templateQueryString=A1\">hier<\/a>\u00a0und\u00a0\u00a0<a href=\"https:\/\/www.na-bibb.de\/presse\/news\/2019\/a1-entsendebescheinigungen-bei-dienstreisen-ins-ausland\/\">hier<\/a>.\u00a0<a href=\"https:\/\/www.dropbox.com\/s\/pcx9e2v9rjgip6y\/Ausf%C3%BCllhilfe%20f%C3%BCr%20den%20Antrag%20A1.pdf?dl=0\">Hier<\/a>\u00a0auch eine Ausf\u00fcllhilfe f\u00fcr das (jetzt nur noch online verf\u00fcgbare) Formular.<\/li>\n<\/ul>\n<p><a href=\"http:\/\/international-mwbk.de\/wp-content\/uploads\/2020\/03\/Logo_Kofinanzierung_durch_E_CMYK.png\"><img decoding=\"async\" class=\"alignnone size-large wp-image-10026\" src=\"http:\/\/international-mwbk.de\/wp-content\/uploads\/2020\/03\/Logo_Kofinanzierung_durch_E_CMYK-1024x217.png\" alt=\"\" width=\"625\" height=\"132\" srcset=\"https:\/\/international-mwbk.de\/wp-content\/uploads\/2020\/03\/Logo_Kofinanzierung_durch_E_CMYK-1024x217.png 1024w, https:\/\/international-mwbk.de\/wp-content\/uploads\/2020\/03\/Logo_Kofinanzierung_durch_E_CMYK-300x64.png 300w, https:\/\/international-mwbk.de\/wp-content\/uploads\/2020\/03\/Logo_Kofinanzierung_durch_E_CMYK-768x163.png 768w, https:\/\/international-mwbk.de\/wp-content\/uploads\/2020\/03\/Logo_Kofinanzierung_durch_E_CMYK-624x132.png 624w, https:\/\/international-mwbk.de\/wp-content\/uploads\/2020\/03\/Logo_Kofinanzierung_durch_E_CMYK.png 1760w\" sizes=\"(max-width: 625px) 100vw, 625px\" \/><\/a><\/p>\n<div class=\"qt-dropdown\">\n<p><input class=\"qt-dropdown-search\" type=\"search\" value=\"\" placeholder=\"Search templates...\" \/><\/p>\n<div class=\"g-dropdown-toolbar\"><button class=\"g-new-template\">New Template<\/button><a class=\"g-hide-button\" title=\"Hide Quick Access button. The dialog will still be accessible using CTRL+SPACE.\">Hide button<\/a><\/div>\n<\/div>\n<div class=\"qt-dropdown\">\n<p><input class=\"qt-dropdown-search\" type=\"search\" value=\"\" placeholder=\"Search templates...\" \/><\/p>\n<div class=\"g-dropdown-toolbar\"><button class=\"g-new-template\">New Template<\/button><a class=\"g-hide-button\" title=\"Hide Quick Access button. The dialog will still be accessible using CTRL+SPACE.\">Hide button<\/a><\/div>\n<\/div>\n","protected":false},"excerpt":{"rendered":"<p>In einer st\u00e4ndig st\u00e4rker vernetzten Welt, insbesondere auf europ\u00e4ischer Ebene, werden interkulturelle und kommunikative Kompetenzen durch Auslandserfahrungen immer wichtiger. Auch r\u00fcckt der Gedanke der Nachhaltigkeit in allen gesellschaftlichen Bereichen st\u00e4rker in den Fokus. Deshalb steht die Kompetenzf\u00f6rderung in Hinblick auf die Arbeitsplatzsuche nach dem Schul- bzw. Ausbildungsabschluss im Zentrum des Projektes \u201aEurope for Future\u2019. Das [&hellip;]<\/p>\n","protected":false},"author":2,"featured_media":0,"parent":0,"menu_order":0,"comment_status":"closed","ping_status":"closed","template":"","meta":{"footnotes":""},"_links":{"self":[{"href":"https:\/\/international-mwbk.de\/index.php?rest_route=\/wp\/v2\/pages\/10010"}],"collection":[{"href":"https:\/\/international-mwbk.de\/index.php?rest_route=\/wp\/v2\/pages"}],"about":[{"href":"https:\/\/international-mwbk.de\/index.php?rest_route=\/wp\/v2\/types\/page"}],"author":[{"embeddable":true,"href":"https:\/\/international-mwbk.de\/index.php?rest_route=\/wp\/v2\/users\/2"}],"replies":[{"embeddable":true,"href":"https:\/\/international-mwbk.de\/index.php?rest_route=%2Fwp%2Fv2%2Fcomments&post=10010"}],"version-history":[{"count":15,"href":"https:\/\/international-mwbk.de\/index.php?rest_route=\/wp\/v2\/pages\/10010\/revisions"}],"predecessor-version":[{"id":10297,"href":"https:\/\/international-mwbk.de\/index.php?rest_route=\/wp\/v2\/pages\/10010\/revisions\/10297"}],"wp:attachment":[{"href":"https:\/\/international-mwbk.de\/index.php?rest_route=%2Fwp%2Fv2%2Fmedia&parent=10010"}],"curies":[{"name":"wp","href":"https:\/\/api.w.org\/{rel}","templated":true}]}}